{"id":433,"date":"2023-12-14T19:06:31","date_gmt":"2023-12-14T19:06:31","guid":{"rendered":"https:\/\/abogadagranada.com\/personalizar-cookies\/"},"modified":"2023-12-14T19:06:31","modified_gmt":"2023-12-14T19:06:31","slug":"personalizar-cookies","status":"publish","type":"page","link":"https:\/\/abogadagranada.com\/en\/personalizar-cookies\/","title":{"rendered":"Customize Cookies"},"content":{"rendered":"<div>\n      <div id=\"custom-cookies-eu-label\">\n          The website https:\/\/abogadagranada.com uses its own cookies for its correct functioning. By clicking the Accept button, you agree to the use of these technologies and the processing of your data for these purposes.          \n\n      <\/div>\n\n      <div id=\"custom-cookies-eu-buttons\" class=\"cookies-eu-buttons\">\n        <button id=\"custom-cookies-eu-reject\" class=\"cookies-eu-reject\">Decline<\/button>\n        <button id=\"custom-cookies-eu-accept\" class=\"cookies-eu-accept\">ACCEPT ALL COOKIES<\/button><\/div>\n      <\/div>\n\n<br\/>\n<p>\n\tYou can change your cookie preferences at any time by returning to the Customize Cookies page, which you can access through the Cookie Notice. For more information about cookies and how we use them, see the <a href=\"https:\/\/abogadagranada.com\/en\/politica-de-cookies\/\">Cookies policy<\/a>.\n<\/p>\n\n<h3>Technical cookies<\/h3>\n<p>\n\tThey are those that allow registered users to navigate through the website, the restricted area and use its different functions, such as the comment system or the search engine, and cannot be deactivated.\n<\/p>","protected":false},"excerpt":{"rendered":"<p>The website https:\/\/abogadagranada.com uses its own cookies for its correct functioning. By clicking the Accept button, you agree to the use of these technologies and the processing of your data for these purposes. Decline ACCEPT ALL COOKIES You can change your cookie preferences at any time by returning to the Customize Cookies page, [\u2026]<\/p>","protected":false},"author":1,"featured_media":0,"parent":0,"menu_order":0,"comment_status":"closed","ping_status":"closed","template":"","meta":{"footnotes":""},"class_list":["post-433","page","type-page","status-publish","hentry"],"yoast_head":"<!-- This site is optimized with the Yoast SEO plugin v22.4 - https:\/\/yoast.com\/wordpress\/plugins\/seo\/ -->\n<title>Personalizar Cookies - Abogada Granada<\/title>\n<meta name=\"robots\" content=\"index, follow, max-snippet:-1, max-image-preview:large, max-video-preview:-1\" \/>\n<link rel=\"canonical\" href=\"https:\/\/abogadagranada.com\/en\/personalizar-cookies\/\" \/>\n<meta property=\"og:locale\" content=\"en_GB\" \/>\n<meta property=\"og:type\" content=\"article\" \/>\n<meta property=\"og:title\" content=\"Personalizar Cookies - Abogada Granada\" \/>\n<meta property=\"og:description\" content=\"El sitio Web https:\/\/abogadagranada.com utiliza cookies propias para su correcto funcionamiento. Al hacer clic en el bot\u00f3n Aceptar, acepta el uso de estas tecnolog\u00edas y el procesamiento de sus datos para estos prop\u00f3sitos. Rechazar ACEPTAR TODAS LAS COOKIES Puedes cambiar tus preferencias de cookies en cualquier momento si vuelves a la p\u00e1gina de Personalizar cookies, [&hellip;]\" \/>\n<meta property=\"og:url\" content=\"https:\/\/abogadagranada.com\/en\/personalizar-cookies\/\" \/>\n<meta property=\"og:site_name\" content=\"Abogada Granada\" \/>\n<meta name=\"twitter:card\" content=\"summary_large_image\" \/>\n<script type=\"application\/ld+json\" class=\"yoast-schema-graph\">{\"@context\":\"https:\/\/schema.org\",\"@graph\":[{\"@type\":\"WebPage\",\"@id\":\"https:\/\/abogadagranada.com\/personalizar-cookies\/\",\"url\":\"https:\/\/abogadagranada.com\/personalizar-cookies\/\",\"name\":\"Personalizar Cookies - Abogada Granada\",\"isPartOf\":{\"@id\":\"https:\/\/abogadagranada.com\/#website\"},\"datePublished\":\"2023-12-14T19:06:31+00:00\",\"dateModified\":\"2023-12-14T19:06:31+00:00\",\"breadcrumb\":{\"@id\":\"https:\/\/abogadagranada.com\/personalizar-cookies\/#breadcrumb\"},\"inLanguage\":\"en-GB\",\"potentialAction\":[{\"@type\":\"ReadAction\",\"target\":[\"https:\/\/abogadagranada.com\/personalizar-cookies\/\"]}]},{\"@type\":\"BreadcrumbList\",\"@id\":\"https:\/\/abogadagranada.com\/personalizar-cookies\/#breadcrumb\",\"itemListElement\":[{\"@type\":\"ListItem\",\"position\":1,\"name\":\"Portada\",\"item\":\"https:\/\/abogadagranada.com\/\"},{\"@type\":\"ListItem\",\"position\":2,\"name\":\"Personalizar Cookies\"}]},{\"@type\":\"WebSite\",\"@id\":\"https:\/\/abogadagranada.com\/#website\",\"url\":\"https:\/\/abogadagranada.com\/\",\"name\":\"Abogada Granada\",\"description\":\"Amaya Mart\u00edn-Lagos Carreras\",\"potentialAction\":[{\"@type\":\"SearchAction\",\"target\":{\"@type\":\"EntryPoint\",\"urlTemplate\":\"https:\/\/abogadagranada.com\/?s={search_term_string}\"},\"query-input\":\"required name=search_term_string\"}],\"inLanguage\":\"en-GB\"}]}<\/script>\n<!-- \/ Yoast SEO plugin. -->","yoast_head_json":{"title":"Personalizar Cookies - Abogada Granada","robots":{"index":"index","follow":"follow","max-snippet":"max-snippet:-1","max-image-preview":"max-image-preview:large","max-video-preview":"max-video-preview:-1"},"canonical":"https:\/\/abogadagranada.com\/en\/personalizar-cookies\/","og_locale":"en_GB","og_type":"article","og_title":"Personalizar Cookies - Abogada Granada","og_description":"El sitio Web https:\/\/abogadagranada.com utiliza cookies propias para su correcto funcionamiento. Al hacer clic en el bot\u00f3n Aceptar, acepta el uso de estas tecnolog\u00edas y el procesamiento de sus datos para estos prop\u00f3sitos. Rechazar ACEPTAR TODAS LAS COOKIES Puedes cambiar tus preferencias de cookies en cualquier momento si vuelves a la p\u00e1gina de Personalizar cookies, [&hellip;]","og_url":"https:\/\/abogadagranada.com\/en\/personalizar-cookies\/","og_site_name":"Abogada Granada","twitter_card":"summary_large_image","schema":{"@context":"https:\/\/schema.org","@graph":[{"@type":"WebPage","@id":"https:\/\/abogadagranada.com\/personalizar-cookies\/","url":"https:\/\/abogadagranada.com\/personalizar-cookies\/","name":"Personalizar Cookies - Abogada Granada","isPartOf":{"@id":"https:\/\/abogadagranada.com\/#website"},"datePublished":"2023-12-14T19:06:31+00:00","dateModified":"2023-12-14T19:06:31+00:00","breadcrumb":{"@id":"https:\/\/abogadagranada.com\/personalizar-cookies\/#breadcrumb"},"inLanguage":"en-GB","potentialAction":[{"@type":"ReadAction","target":["https:\/\/abogadagranada.com\/personalizar-cookies\/"]}]},{"@type":"BreadcrumbList","@id":"https:\/\/abogadagranada.com\/personalizar-cookies\/#breadcrumb","itemListElement":[{"@type":"ListItem","position":1,"name":"Portada","item":"https:\/\/abogadagranada.com\/"},{"@type":"ListItem","position":2,"name":"Personalizar Cookies"}]},{"@type":"WebSite","@id":"https:\/\/abogadagranada.com\/#website","url":"https:\/\/abogadagranada.com\/","name":"Abogada Granada","description":"Amaya Mart\u00edn-Lagos Carreras","potentialAction":[{"@type":"SearchAction","target":{"@type":"EntryPoint","urlTemplate":"https:\/\/abogadagranada.com\/?s={search_term_string}"},"query-input":"required name=search_term_string"}],"inLanguage":"en-GB"}]}},"_links":{"self":[{"href":"https:\/\/abogadagranada.com\/en\/wp-json\/wp\/v2\/pages\/433","targetHints":{"allow":["GET"]}}],"collection":[{"href":"https:\/\/abogadagranada.com\/en\/wp-json\/wp\/v2\/pages"}],"about":[{"href":"https:\/\/abogadagranada.com\/en\/wp-json\/wp\/v2\/types\/page"}],"author":[{"embeddable":true,"href":"https:\/\/abogadagranada.com\/en\/wp-json\/wp\/v2\/users\/1"}],"replies":[{"embeddable":true,"href":"https:\/\/abogadagranada.com\/en\/wp-json\/wp\/v2\/comments?post=433"}],"version-history":[{"count":0,"href":"https:\/\/abogadagranada.com\/en\/wp-json\/wp\/v2\/pages\/433\/revisions"}],"wp:attachment":[{"href":"https:\/\/abogadagranada.com\/en\/wp-json\/wp\/v2\/media?parent=433"}],"curies":[{"name":"wp","href":"https:\/\/api.w.org\/{rel}","templated":true}]}}